{"id":7158,"date":"2024-01-10T20:32:48","date_gmt":"2024-01-10T20:32:48","guid":{"rendered":"https:\/\/mauritrack.com\/?page_id=7158"},"modified":"2024-02-13T12:30:26","modified_gmt":"2024-02-13T12:30:26","slug":"demande-de-devis","status":"publish","type":"page","link":"https:\/\/mauritrack.com\/ar\/demande-de-devis","title":{"rendered":"Demande de devis"},"content":{"rendered":"\t\t<div data-elementor-type=\"wp-page\" data-elementor-id=\"7158\" class=\"elementor elementor-7158\" data-elementor-post-type=\"page\">\n\t\t\t\t\t\t\t<div class=\"elementor-element elementor-element-363420e7 e-flex e-con-boxed e-con e-parent\" data-id=\"363420e7\" data-element_type=\"container\" data-settings=\"{&quot;content_width&quot;:&quot;boxed&quot;}\" data-core-v316-plus=\"true\">\n\t\t\t\t\t<div class=\"e-con-inner\">\n\t\t\t\t<div class=\"elementor-element elementor-element-5ddd58d elementor-widget elementor-widget-ct_heading\" data-id=\"5ddd58d\" data-element_type=\"widget\" data-widget_type=\"ct_heading.default\">\n\t\t\t\t<div class=\"elementor-widget-container\">\n\t\t\t<div id=\"ct_heading-5ddd58d\" class=\"ct-heading h-align-center item-st-line-gr highlight-style1\">\r\n    <div class=\"ct-inline-css\"  data-css=\"\r\n                                \">\r\n    <\/div>\r\n  \r\n\t    <h3 class=\"item--title st-line-gr \" data-wow-delay=\"ms\">\r\n        <span class=\"ct-text-inner\">Demande de devis <\/span>    <\/h3>\r\n<\/div>\r\n\t\t<\/div>\n\t\t\t\t<\/div>\n\t\t\t\t<div class=\"elementor-element elementor-element-791a27f elementor-widget__width-inherit animated-fast elementor-widget elementor-widget-ct_contact_form\" data-id=\"791a27f\" data-element_type=\"widget\" data-settings=\"{&quot;_animation&quot;:&quot;none&quot;}\" data-widget_type=\"ct_contact_form.default\">\n\t\t\t\t<div class=\"elementor-widget-container\">\n\t\t\t    <div class=\"ct-contact-form ct-contact-form-layout1 style2 \">\r\n    \t\t    \t<div class=\"ct-contact-meta\">\r\n                                                    <div class=\"ct-meta--desc\">*Champ obligatoire <br> \nGardez le tracking de votre v\u00e9hicule o\u00f9 qu\u2019il aille. MauriTrack est une solution de suivi des v\u00e9hicules qui vous permet de savoir o\u00f9 se trouvent vos v\u00e9hicules \u00e0 tout moment. Suivez en direct la localisation GPS des v\u00e9hicules sur une carte, \u00e0 tout moment et en tout lieu. Soyez alert\u00e9 lorsqu\u2019une voiture s\u2019approche d\u2019une g\u00e9o-barri\u00e8re ou enfreint les limites de vitesse. \u00c9conomisez de l\u2019argent sur les d\u00e9penses de voiture \u2013 Prenez de l\u2019avance sur les probl\u00e8mes co\u00fbteux avant qu\u2019ils ne s\u2019aggravent en recevant des alertes sur la localisation d\u2019un v\u00e9hicule, les niveaux de carburant, la limite de vitesse, les caract\u00e9ristiques de s\u00e9curit\u00e9, les rappels d\u2019entretien et documents plus encore.<\/div>\r\n                \t    \t<\/div>\r\n\t            <div class=\"ct-contact-form\">\r\n            \n<div class=\"wpcf7 no-js\" id=\"wpcf7-f3753-o1\" lang=\"en-US\" dir=\"ltr\">\n<div class=\"screen-reader-response\"><p role=\"status\" aria-live=\"polite\" aria-atomic=\"true\"><\/p> <ul><\/ul><\/div>\n<form action=\"\/ar\/wp-json\/wp\/v2\/pages\/7158#wpcf7-f3753-o1\" method=\"post\" class=\"wpcf7-form init\" aria-label=\"Contact form\" novalidate=\"novalidate\" data-status=\"init\">\n<div style=\"display: none;\">\n<input type=\"hidden\" name=\"_wpcf7\" value=\"3753\" \/>\n<input type=\"hidden\" name=\"_wpcf7_version\" value=\"5.9.3\" \/>\n<input type=\"hidden\" name=\"_wpcf7_locale\" value=\"en_US\" \/>\n<input type=\"hidden\" name=\"_wpcf7_unit_tag\" value=\"wpcf7-f3753-o1\" \/>\n<input type=\"hidden\" name=\"_wpcf7_container_post\" value=\"0\" \/>\n<input type=\"hidden\" name=\"_wpcf7_posted_data_hash\" value=\"\" \/>\n<\/div>\n<div class=\"row\">\n\t<div class=\"input-filled col-lg-12 col-md-6\">\n\t\t<p><span class=\"wpcf7-form-control-wrap\" data-name=\"your-name\"><input size=\"40\" class=\"wpcf7-form-control wpcf7-text wpcf7-validates-as-required\" aria-required=\"true\" aria-invalid=\"false\" placeholder=\"Nom Complet*\" value=\"\" type=\"text\" name=\"your-name\" \/><\/span>\n\t\t<\/p>\n\t<\/div>\n<\/div>\n<div class=\"row\">\n\t<div class=\"input-filled col-lg-12 col-md-6\">\n\t\t<p><span class=\"wpcf7-form-control-wrap\" data-name=\"nom-de-societe\"><input size=\"40\" class=\"wpcf7-form-control wpcf7-text wpcf7-validates-as-required\" aria-required=\"true\" aria-invalid=\"false\" placeholder=\"Nom de Soci\u00e9t\u00e9\" value=\"\" type=\"text\" name=\"nom-de-societe\" \/><\/span>\n\t\t<\/p>\n\t<\/div>\n<\/div>\n<div class=\"row\">\n\t<div class=\"input-filled col-lg-12 col-md-6\">\n\t\t<p><span class=\"wpcf7-form-control-wrap\" data-name=\"ville\"><input size=\"40\" class=\"wpcf7-form-control wpcf7-text wpcf7-validates-as-required\" aria-required=\"true\" aria-invalid=\"false\" placeholder=\"Ville*\" value=\"\" type=\"text\" name=\"ville\" \/><\/span>\n\t\t<\/p>\n\t<\/div>\n<\/div>\n<div class=\"row\">\n\t<div class=\"input-filled col-lg-12 col-md-6\">\n\t\t<p><span class=\"wpcf7-form-control-wrap\" data-name=\"your-email\"><input size=\"40\" class=\"wpcf7-form-control wpcf7-email wpcf7-validates-as-required wpcf7-text wpcf7-validates-as-email\" aria-required=\"true\" aria-invalid=\"false\" placeholder=\"Adresse mail*\" value=\"\" type=\"email\" name=\"your-email\" \/><\/span>\n\t\t<\/p>\n\t<\/div>\n<\/div>\n<div class=\"row\">\n\t<div class=\"input-filled col-lg-12 col-md-6\">\n\t\t<p><span class=\"wpcf7-form-control-wrap\" data-name=\"Vorte-Numero\"><input class=\"wpcf7-form-control wpcf7-number wpcf7-validates-as-number\" aria-invalid=\"false\" placeholder=\"T\u00e9l\u00e9phone*\" value=\"\" type=\"number\" name=\"Vorte-Numero\" \/><\/span>\n\t\t<\/p>\n\t<\/div>\n<\/div>\n<div class=\"row\">\n\t<div class=\"input-filled col-lg-12 col-md-6\">\n\t\t<p><span class=\"wpcf7-form-control-wrap\" data-name=\"nombres-de-vehicules\"><select class=\"wpcf7-form-control wpcf7-select wpcf7-validates-as-required\" aria-required=\"true\" aria-invalid=\"false\" name=\"nombres-de-vehicules\"><option value=\"Combien de v\u00e9hicules souhaitez vous \u00e9quiper*\">Combien de v\u00e9hicules souhaitez vous \u00e9quiper*<\/option><option value=\"1-3 V\u00e9hicules\">1-3 V\u00e9hicules<\/option><option value=\"3-10 V\u00e9hicules\">3-10 V\u00e9hicules<\/option><option value=\"10-15 V\u00e9hicules\">10-15 V\u00e9hicules<\/option><option value=\"15-20 V\u00e9hicules\">15-20 V\u00e9hicules<\/option><option value=\"+20 V\u00e9hicules\">+20 V\u00e9hicules<\/option><\/select><\/span>\n\t\t<\/p>\n\t<\/div>\n<\/div>\n<div class=\"row\">\n\t<div class=\"input-filled col-lg-12 col-md-6\">\n\t\t<p><span class=\"wpcf7-form-control-wrap\" data-name=\"plan-de-trif\"><select class=\"wpcf7-form-control wpcf7-select wpcf7-validates-as-required\" aria-required=\"true\" aria-invalid=\"false\" name=\"plan-de-trif\"><option value=\"Plan tarif demand\u00e9*\">Plan tarif demand\u00e9*<\/option><option value=\"Plan de Particulier\">Plan de Particulier<\/option><option value=\"Plan de Geotraking\">Plan de Geotraking<\/option><option value=\"Plan de gestion de flotte\">Plan de gestion de flotte<\/option><\/select><\/span>\n\t\t<\/p>\n\t<\/div>\n<\/div>\n<div class=\"row\">\n\t<div class=\"input-filled col-12\">\n\t\t<p><span class=\"wpcf7-form-control-wrap\" data-name=\"your-message\"><textarea cols=\"40\" rows=\"10\" class=\"wpcf7-form-control wpcf7-textarea wpcf7-validates-as-required\" aria-required=\"true\" aria-invalid=\"false\" placeholder=\"Votre Message*\" name=\"your-message\"><\/textarea><\/span>\n\t\t<\/p>\n\t<\/div>\n\t<div class=\"input-filled col-6\">\n\t\t<p><button type=\"Envoyer\" class=\"wpcf7-submit btn\">Envoyez<i class=\"ct-icon-plus size-sm space-left\"><\/i><\/button>\n\t\t<\/p>\n\t<\/div>\n<\/div><div class=\"wpcf7-response-output\" aria-hidden=\"true\"><\/div>\n<\/form>\n<\/div>\n        <\/div>\r\n    <\/div>\r\n\t\t<\/div>\n\t\t\t\t<\/div>\n\t\t\t\t<div class=\"elementor-element elementor-element-740e013 elementor-widget elementor-widget-ct_accordion\" data-id=\"740e013\" data-element_type=\"widget\" data-widget_type=\"ct_accordion.default\">\n\t\t\t\t<div class=\"elementor-widget-container\">\n\t\t\t    <div id=\"ct_accordion-740e013\" class=\"ct-accordion ct-accordion1   style2\" data-wow-duration=\"1.2s\">\r\n                    <div class=\"ct-accordion-item active\">\r\n                <div class=\"ct-ac-title active\" data-target=\"#6dc00c0ct_accordion-740e013\">\r\n                    <a class=\"ct-ac-title-text\"> Remplissez le formulaire et nous vous contacterons d\u00e8s que possible.                        <i class=\"ct-accordion-icon-plus\"><\/i>\r\n                    <\/a>\r\n                <\/div>\r\n                <div id=\"6dc00c0ct_accordion-740e013\" class=\"ct-ac-content\" style=\"display:block;\">Demandez votre devis de g\u00e9olocalisation pour recevoir notre meilleure offre. Vous pouvez \u00e9galement nous joindre par t\u00e9l\u00e9phone ou nous rendre visite \u00e0 notre Siege.<\/div>\r\n            <\/div>\r\n                    <div class=\"ct-accordion-item \">\r\n                <div class=\"ct-ac-title \" data-target=\"#faab8d9ct_accordion-740e013\">\r\n                    <a class=\"ct-ac-title-text\">Quel traceurs GPS je vais recevoir?                        <i class=\"ct-accordion-icon-plus\"><\/i>\r\n                    <\/a>\r\n                <\/div>\r\n                <div id=\"faab8d9ct_accordion-740e013\" class=\"ct-ac-content\">Dans le processus de la commande vous allez avoir la possibilit\u00e9 de choisir le traceur GPS qui convient \u00e0 vos besoins\/budget.<br \/>\n<br \/>\n<\/div>\r\n            <\/div>\r\n                    <div class=\"ct-accordion-item \">\r\n                <div class=\"ct-ac-title \" data-target=\"#b697015ct_accordion-740e013\">\r\n                    <a class=\"ct-ac-title-text\">A propos des frais d'abonnement                        <i class=\"ct-accordion-icon-plus\"><\/i>\r\n                    <\/a>\r\n                <\/div>\r\n                <div id=\"b697015ct_accordion-740e013\" class=\"ct-ac-content\">Service de G\u00e9olocalisation de MauriTrack:<br \/>\n<br \/>\n- Le prix initial de la formule  de tracking MauriTrack inclut les frais d'un traceur GPS et du service pour la 1\u00e8re ann\u00e9e.<br \/>\n<br \/>\n- A partir de la 2\u00e8me ann\u00e9e, un abonnement annuel de 1690MRU vous sera factur\u00e9 pour chaque v\u00e9hicule que vous traquez sur votre compte.<br \/>\n<br \/>\n- Les frais de la carte SIM ne sont pas inclus dans ce service <\/div>\r\n            <\/div>\r\n                    <div class=\"ct-accordion-item \">\r\n                <div class=\"ct-ac-title \" data-target=\"#c21938cct_accordion-740e013\">\r\n                    <a class=\"ct-ac-title-text\">Combien de v\u00e9hicules je peux tracker?                        <i class=\"ct-accordion-icon-plus\"><\/i>\r\n                    <\/a>\r\n                <\/div>\r\n                <div id=\"c21938cct_accordion-740e013\" class=\"ct-ac-content\">Cette formule vous permet de tracker plus de 20 v\u00e9hicules par compte.<\/div>\r\n            <\/div>\r\n            <\/div>\r\n\t\t<\/div>\n\t\t\t\t<\/div>\n\t\t\t\t<div class=\"elementor-element elementor-element-e46e971 elementor-widget elementor-widget-text-editor\" data-id=\"e46e971\" data-element_type=\"widget\" data-widget_type=\"text-editor.default\">\n\t\t\t\t<div class=\"elementor-widget-container\">\n\t\t\t<style>\/*! elementor - v3.18.0 - 13-11-2023 *\/\n.elementor-widget-text-editor.elementor-drop-cap-view-stacked .elementor-drop-cap{background-color:#69727d;color:#fff}.elementor-widget-text-editor.elementor-drop-cap-view-framed .elementor-drop-cap{color:#69727d;border:3px solid;background-color:transparent}.elementor-widget-text-editor:not(.elementor-drop-cap-view-default) .elementor-drop-cap{margin-top:8px}.elementor-widget-text-editor:not(.elementor-drop-cap-view-default) .elementor-drop-cap-letter{width:1em;height:1em}.elementor-widget-text-editor .elementor-drop-cap{float:right;text-align:center;line-height:1;font-size:50px}.elementor-widget-text-editor .elementor-drop-cap-letter{display:inline-block}<\/style>\t\t\t\t<h4><span style=\"color: #ff6600;\">Nous reviendrons \u00e0 vous dans peu de temps.<\/span><\/h4><p>\u00a0<\/p>\t\t\t\t\t\t<\/div>\n\t\t\t\t<\/div>\n\t\t\t\t<div class=\"elementor-element elementor-element-375c8f4 elementor-widget elementor-widget-ct_social\" data-id=\"375c8f4\" data-element_type=\"widget\" data-widget_type=\"ct_social.default\">\n\t\t\t\t<div class=\"elementor-widget-container\">\n\t\t\t    <div id=\"ct_social-375c8f4\" class=\"ct-social-icon1\">\r\n        <div class=\"ct-inline-css\"  data-css=\"\r\n                    #ct_social-375c8f4.ct-social-icon1 a:before {\r\n                background-image: -webkit-gradient(linear, left top, right top, from(#ED7D31), to(#ED7D31));\r\n                background-image: -webkit-linear-gradient(to left, #ED7D31, #ED7D31);\r\n                background-image: -moz-linear-gradient(to left, #ED7D31, #ED7D31);\r\n                background-image: -ms-linear-gradient(to left, #ED7D31, #ED7D31);\r\n                background-image: -o-linear-gradient(to left, #ED7D31, #ED7D31);\r\n                background-image: linear-gradient(to left, #ED7D31, #ED7D31);\r\n                filter: progid:DXImageTransform.Microsoft.gradient(startColorStr='#ED7D31', endColorStr='#ED7D31', gradientType='1');\r\n            }\r\n        \">\r\n    <\/div>\r\n                                    <a class=\"ct_social-375c8f4-0 icon-actived\" href=\"https:\/\/www.facebook.com\/mauritrack\/\">\r\n                    <i aria-hidden=\"true\" class=\"fab fa-facebook\"><\/i>                                    <\/a>\r\n                                                <a class=\"ct_social-375c8f4-1 icon-actived\" href=\"https:\/\/www.linkedin.com\/company\/mauritrack\/\">\r\n                    <i aria-hidden=\"true\" class=\"fab fa-linkedin\"><\/i>                                    <\/a>\r\n                                                <a class=\"ct_social-375c8f4-2 icon-actived\" href=\"https:\/\/www.youtube.com\/@Mauritrack\">\r\n                    <i aria-hidden=\"true\" class=\"fab fa-youtube\"><\/i>                                    <\/a>\r\n                        <\/div>\r\n\t\t<\/div>\n\t\t\t\t<\/div>\n\t\t\t\t\t<\/div>\n\t\t\t\t<\/div>\n\t\t<div class=\"elementor-element elementor-element-0186d28 e-flex e-con-boxed e-con e-parent\" data-id=\"0186d28\" data-element_type=\"container\" data-settings=\"{&quot;content_width&quot;:&quot;boxed&quot;}\" data-core-v316-plus=\"true\">\n\t\t\t\t\t<div class=\"e-con-inner\">\n\t\t\t\t<div class=\"elementor-element elementor-element-37e4a6d elementor-widget elementor-widget-text-editor\" data-id=\"37e4a6d\" data-element_type=\"widget\" data-widget_type=\"text-editor.default\">\n\t\t\t\t<div class=\"elementor-widget-container\">\n\t\t\t\t\t\t\t<div class=\"texte-newsletter-accueil\"><p>Abonnez-vous \u00e0 notre newsletter d\u00e8s maintenant pour recevoir en exclusivit\u00e9 les derni\u00e8res actualit\u00e9s, offres sp\u00e9ciales et conseils inspirants directement dans votre bo\u00eete de r\u00e9ception.<\/p><\/div>\t\t\t\t\t\t<\/div>\n\t\t\t\t<\/div>\n\t\t\t\t\t<\/div>\n\t\t\t\t<\/div>\n\t\t\t\t\t\t\t<\/div>\n\t\t","protected":false},"excerpt":{"rendered":"<p>Demande de devis *Champ obligatoire Gardez le tracking de votre v\u00e9hicule o\u00f9 qu\u2019il aille. MauriTrack est une solution de suivi des v\u00e9hicules qui vous permet de savoir o\u00f9 se trouvent vos v\u00e9hicules \u00e0 tout moment. Suivez en direct la localisation GPS des v\u00e9hicules sur une carte, \u00e0 tout moment et en tout lieu. Soyez alert\u00e9 [&hellip;]<\/p>\n","protected":false},"author":1,"featured_media":7104,"parent":0,"menu_order":0,"comment_status":"closed","ping_status":"closed","template":"","meta":{"footnotes":""},"yoast_head":"<!-- This site is optimized with the Yoast SEO plugin v22.6 - https:\/\/yoast.com\/wordpress\/plugins\/seo\/ -->\n<title>Demande de devis | \u0645\u0648\u0631\u064a \u062a\u0631\u0627\u0643<\/title>\n<meta name=\"description\" content=\"Demande de devis - D\u00e9poser votre demande de devis de g\u00e9olocalisation pour recevoir le meilleure offre de MauriTrack.\" \/>\n<meta name=\"robots\" content=\"index, follow, max-snippet:-1, max-image-preview:large, max-video-preview:-1\" \/>\n<link rel=\"canonical\" href=\"https:\/\/mauritrack.com\/ar\/demande-de-devis\" \/>\n<meta property=\"og:locale\" content=\"en_US\" \/>\n<meta property=\"og:type\" content=\"article\" \/>\n<meta property=\"og:title\" content=\"Demande de devis | \u0645\u0648\u0631\u064a \u062a\u0631\u0627\u0643\" \/>\n<meta property=\"og:description\" content=\"Demande de devis - D\u00e9poser votre demande de devis de g\u00e9olocalisation pour recevoir le meilleure offre de MauriTrack.\" \/>\n<meta property=\"og:url\" content=\"https:\/\/mauritrack.com\/ar\/demande-de-devis\" \/>\n<meta property=\"og:site_name\" content=\"\u0645\u0648\u0631\u064a \u062a\u0631\u0627\u0643\" \/>\n<meta property=\"article:publisher\" content=\"https:\/\/www.facebook.com\/mauritrack\/\" \/>\n<meta property=\"article:modified_time\" content=\"2024-02-13T12:30:26+00:00\" \/>\n<meta property=\"og:image\" content=\"https:\/\/mauritrack.com\/ar\/wp-content\/uploads\/2023\/11\/icon-copy.png\" \/>\n\t<meta property=\"og:image:width\" content=\"277\" \/>\n\t<meta property=\"og:image:height\" content=\"332\" \/>\n\t<meta property=\"og:image:type\" content=\"image\/png\" \/>\n<meta name=\"twitter:card\" content=\"summary_large_image\" \/>\n<meta name=\"twitter:label1\" content=\"Est. reading time\" \/>\n\t<meta name=\"twitter:data1\" content=\"2 minutes\" \/>\n<script type=\"application\/ld+json\" class=\"yoast-schema-graph\">{\"@context\":\"https:\/\/schema.org\",\"@graph\":[{\"@type\":\"WebPage\",\"@id\":\"https:\/\/mauritrack.com\/ar\/demande-de-devis\",\"url\":\"https:\/\/mauritrack.com\/ar\/demande-de-devis\",\"name\":\"Demande de devis | \u0645\u0648\u0631\u064a \u062a\u0631\u0627\u0643\",\"isPartOf\":{\"@id\":\"https:\/\/mauritrack.com\/ar\/#website\"},\"primaryImageOfPage\":{\"@id\":\"https:\/\/mauritrack.com\/ar\/demande-de-devis#primaryimage\"},\"image\":{\"@id\":\"https:\/\/mauritrack.com\/ar\/demande-de-devis#primaryimage\"},\"thumbnailUrl\":\"https:\/\/mauritrack.com\/ar\/wp-content\/uploads\/2023\/11\/icon-copy.png\",\"datePublished\":\"2024-01-10T20:32:48+00:00\",\"dateModified\":\"2024-02-13T12:30:26+00:00\",\"description\":\"Demande de devis - D\u00e9poser votre demande de devis de g\u00e9olocalisation pour recevoir le meilleure offre de MauriTrack.\",\"breadcrumb\":{\"@id\":\"https:\/\/mauritrack.com\/ar\/demande-de-devis#breadcrumb\"},\"inLanguage\":\"en-US\",\"potentialAction\":[{\"@type\":\"ReadAction\",\"target\":[\"https:\/\/mauritrack.com\/ar\/demande-de-devis\"]}]},{\"@type\":\"ImageObject\",\"inLanguage\":\"en-US\",\"@id\":\"https:\/\/mauritrack.com\/ar\/demande-de-devis#primaryimage\",\"url\":\"https:\/\/mauritrack.com\/ar\/wp-content\/uploads\/2023\/11\/icon-copy.png\",\"contentUrl\":\"https:\/\/mauritrack.com\/ar\/wp-content\/uploads\/2023\/11\/icon-copy.png\",\"width\":277,\"height\":332,\"caption\":\"Termes et conditions\"},{\"@type\":\"BreadcrumbList\",\"@id\":\"https:\/\/mauritrack.com\/ar\/demande-de-devis#breadcrumb\",\"itemListElement\":[{\"@type\":\"ListItem\",\"position\":1,\"name\":\"Home\",\"item\":\"https:\/\/mauritrack.com\/ar\/\"},{\"@type\":\"ListItem\",\"position\":2,\"name\":\"Demande de devis\"}]},{\"@type\":\"WebSite\",\"@id\":\"https:\/\/mauritrack.com\/ar\/#website\",\"url\":\"https:\/\/mauritrack.com\/ar\/\",\"name\":\"MauriTrack\",\"description\":\"\",\"publisher\":{\"@id\":\"https:\/\/mauritrack.com\/ar\/#organization\"},\"alternateName\":\"Solution de g\u00e9olocalisation des v\u00e9hicules et des biens\",\"potentialAction\":[{\"@type\":\"SearchAction\",\"target\":{\"@type\":\"EntryPoint\",\"urlTemplate\":\"https:\/\/mauritrack.com\/ar\/?s={search_term_string}\"},\"query-input\":\"required name=search_term_string\"}],\"inLanguage\":\"en-US\"},{\"@type\":\"Organization\",\"@id\":\"https:\/\/mauritrack.com\/ar\/#organization\",\"name\":\"MauriTrack\",\"url\":\"https:\/\/mauritrack.com\/ar\/\",\"logo\":{\"@type\":\"ImageObject\",\"inLanguage\":\"en-US\",\"@id\":\"https:\/\/mauritrack.com\/ar\/#\/schema\/logo\/image\/\",\"url\":\"https:\/\/mauritrack.com\/wp-content\/uploads\/2023\/11\/icon-copy.png\",\"contentUrl\":\"https:\/\/mauritrack.com\/wp-content\/uploads\/2023\/11\/icon-copy.png\",\"width\":277,\"height\":332,\"caption\":\"MauriTrack\"},\"image\":{\"@id\":\"https:\/\/mauritrack.com\/ar\/#\/schema\/logo\/image\/\"},\"sameAs\":[\"https:\/\/www.facebook.com\/mauritrack\/\",\"https:\/\/www.linkedin.com\/company\/mauritrack\/\",\"https:\/\/www.tiktok.com\/@MauriTrack1\",\"https:\/\/www.youtube.com\/@Mauritrack\"]}]}<\/script>\n<!-- \/ Yoast SEO plugin. -->","yoast_head_json":{"title":"Demande de devis | \u0645\u0648\u0631\u064a \u062a\u0631\u0627\u0643","description":"Demande de devis - D\u00e9poser votre demande de devis de g\u00e9olocalisation pour recevoir le meilleure offre de MauriTrack.","robots":{"index":"index","follow":"follow","max-snippet":"max-snippet:-1","max-image-preview":"max-image-preview:large","max-video-preview":"max-video-preview:-1"},"canonical":"https:\/\/mauritrack.com\/ar\/demande-de-devis","og_locale":"en_US","og_type":"article","og_title":"Demande de devis | \u0645\u0648\u0631\u064a \u062a\u0631\u0627\u0643","og_description":"Demande de devis - D\u00e9poser votre demande de devis de g\u00e9olocalisation pour recevoir le meilleure offre de MauriTrack.","og_url":"https:\/\/mauritrack.com\/ar\/demande-de-devis","og_site_name":"\u0645\u0648\u0631\u064a \u062a\u0631\u0627\u0643","article_publisher":"https:\/\/www.facebook.com\/mauritrack\/","article_modified_time":"2024-02-13T12:30:26+00:00","og_image":[{"width":277,"height":332,"url":"https:\/\/mauritrack.com\/ar\/wp-content\/uploads\/2023\/11\/icon-copy.png","type":"image\/png"}],"twitter_card":"summary_large_image","twitter_misc":{"Est. reading time":"2 minutes"},"schema":{"@context":"https:\/\/schema.org","@graph":[{"@type":"WebPage","@id":"https:\/\/mauritrack.com\/ar\/demande-de-devis","url":"https:\/\/mauritrack.com\/ar\/demande-de-devis","name":"Demande de devis | \u0645\u0648\u0631\u064a \u062a\u0631\u0627\u0643","isPartOf":{"@id":"https:\/\/mauritrack.com\/ar\/#website"},"primaryImageOfPage":{"@id":"https:\/\/mauritrack.com\/ar\/demande-de-devis#primaryimage"},"image":{"@id":"https:\/\/mauritrack.com\/ar\/demande-de-devis#primaryimage"},"thumbnailUrl":"https:\/\/mauritrack.com\/ar\/wp-content\/uploads\/2023\/11\/icon-copy.png","datePublished":"2024-01-10T20:32:48+00:00","dateModified":"2024-02-13T12:30:26+00:00","description":"Demande de devis - D\u00e9poser votre demande de devis de g\u00e9olocalisation pour recevoir le meilleure offre de MauriTrack.","breadcrumb":{"@id":"https:\/\/mauritrack.com\/ar\/demande-de-devis#breadcrumb"},"inLanguage":"en-US","potentialAction":[{"@type":"ReadAction","target":["https:\/\/mauritrack.com\/ar\/demande-de-devis"]}]},{"@type":"ImageObject","inLanguage":"en-US","@id":"https:\/\/mauritrack.com\/ar\/demande-de-devis#primaryimage","url":"https:\/\/mauritrack.com\/ar\/wp-content\/uploads\/2023\/11\/icon-copy.png","contentUrl":"https:\/\/mauritrack.com\/ar\/wp-content\/uploads\/2023\/11\/icon-copy.png","width":277,"height":332,"caption":"Termes et conditions"},{"@type":"BreadcrumbList","@id":"https:\/\/mauritrack.com\/ar\/demande-de-devis#breadcrumb","itemListElement":[{"@type":"ListItem","position":1,"name":"Home","item":"https:\/\/mauritrack.com\/ar\/"},{"@type":"ListItem","position":2,"name":"Demande de devis"}]},{"@type":"WebSite","@id":"https:\/\/mauritrack.com\/ar\/#website","url":"https:\/\/mauritrack.com\/ar\/","name":"MauriTrack","description":"","publisher":{"@id":"https:\/\/mauritrack.com\/ar\/#organization"},"alternateName":"Solution de g\u00e9olocalisation des v\u00e9hicules et des biens","potentialAction":[{"@type":"SearchAction","target":{"@type":"EntryPoint","urlTemplate":"https:\/\/mauritrack.com\/ar\/?s={search_term_string}"},"query-input":"required name=search_term_string"}],"inLanguage":"en-US"},{"@type":"Organization","@id":"https:\/\/mauritrack.com\/ar\/#organization","name":"MauriTrack","url":"https:\/\/mauritrack.com\/ar\/","logo":{"@type":"ImageObject","inLanguage":"en-US","@id":"https:\/\/mauritrack.com\/ar\/#\/schema\/logo\/image\/","url":"https:\/\/mauritrack.com\/wp-content\/uploads\/2023\/11\/icon-copy.png","contentUrl":"https:\/\/mauritrack.com\/wp-content\/uploads\/2023\/11\/icon-copy.png","width":277,"height":332,"caption":"MauriTrack"},"image":{"@id":"https:\/\/mauritrack.com\/ar\/#\/schema\/logo\/image\/"},"sameAs":["https:\/\/www.facebook.com\/mauritrack\/","https:\/\/www.linkedin.com\/company\/mauritrack\/","https:\/\/www.tiktok.com\/@MauriTrack1","https:\/\/www.youtube.com\/@Mauritrack"]}]}},"_links":{"self":[{"href":"https:\/\/mauritrack.com\/ar\/wp-json\/wp\/v2\/pages\/7158"}],"collection":[{"href":"https:\/\/mauritrack.com\/ar\/wp-json\/wp\/v2\/pages"}],"about":[{"href":"https:\/\/mauritrack.com\/ar\/wp-json\/wp\/v2\/types\/page"}],"author":[{"embeddable":true,"href":"https:\/\/mauritrack.com\/ar\/wp-json\/wp\/v2\/users\/1"}],"replies":[{"embeddable":true,"href":"https:\/\/mauritrack.com\/ar\/wp-json\/wp\/v2\/comments?post=7158"}],"version-history":[{"count":126,"href":"https:\/\/mauritrack.com\/ar\/wp-json\/wp\/v2\/pages\/7158\/revisions"}],"predecessor-version":[{"id":7869,"href":"https:\/\/mauritrack.com\/ar\/wp-json\/wp\/v2\/pages\/7158\/revisions\/7869"}],"wp:featuredmedia":[{"embeddable":true,"href":"https:\/\/mauritrack.com\/ar\/wp-json\/wp\/v2\/media\/7104"}],"wp:attachment":[{"href":"https:\/\/mauritrack.com\/ar\/wp-json\/wp\/v2\/media?parent=7158"}],"curies":[{"name":"wp","href":"https:\/\/api.w.org\/{rel}","templated":true}]}}