{"id":33,"date":"2021-09-23T03:28:10","date_gmt":"2021-09-23T03:28:10","guid":{"rendered":"https:\/\/demo.casethemes.net\/itfirm\/?page_id=33"},"modified":"2024-01-14T23:30:03","modified_gmt":"2024-01-14T23:30:03","slug":"a-propos","status":"publish","type":"page","link":"https:\/\/mauritrack.com\/ar\/a-propos","title":{"rendered":"\u00c0 propos"},"content":{"rendered":"\t\t<div data-elementor-type=\"wp-page\" data-elementor-id=\"33\" class=\"elementor elementor-33\" data-elementor-post-type=\"page\">\n\t\t\t\t\t\t\t        <section class=\"elementor-section elementor-top-section elementor-element elementor-element-5099d28 elementor-section-boxed elementor-section-height-default elementor-section-height-default ct-header-fixed-none ct-column-none ct-row-scroll-none ct-row-gradient--none\" data-id=\"5099d28\" data-element_type=\"section\">\n            \n                        <div class=\"elementor-container elementor-column-gap-extended \">\n                    <div class=\"elementor-column elementor-col-50 elementor-top-column elementor-element elementor-element-3cf6c49 ct-column-none col-offset-none\" data-id=\"3cf6c49\" data-element_type=\"column\">\n            <div class=\"elementor-widget-wrap elementor-element-populated\">\n                        \t\t<div class=\"elementor-element elementor-element-461d76b4 elementor-widget elementor-widget-ct_heading\" data-id=\"461d76b4\" data-element_type=\"widget\" data-widget_type=\"ct_heading.default\">\n\t\t\t\t<div class=\"elementor-widget-container\">\n\t\t\t<div id=\"ct_heading-461d76b4\" class=\"ct-heading h-align- item-st-default highlight-style1\">\r\n    <div class=\"ct-inline-css\"  data-css=\"\r\n                                \">\r\n    <\/div>\r\n      <div class=\"item--text-below\">\r\n      <div class=\"ct-inline-css\"  data-css=\"\r\n        \">\r\n      <\/div>\r\n          <\/div>\r\n  \r\n\t\t\t<div class=\"item--sub-title style-icon-right \" data-wow-delay=\"ms\">\r\n                        <span>\r\n                \u00c0 propos            <\/span>\r\n                            <svg class=\"svg-right\" xmlns=\"http:\/\/www.w3.org\/2000\/svg\" xmlns:xlink=\"http:\/\/www.w3.org\/1999\/xlink\" width=\"33\" height=\"21\" viewBox=\"0 0 33 21\">\r\n                  <defs>\r\n                    <style>\r\n                      .h-cls-1, .h-cls-2 {\r\n                        fill: none;\r\n                        stroke-width: 3px;\r\n                        fill-rule: evenodd;\r\n                      }\r\n\r\n                      .h-cls-1 {\r\n                        filter: url(#filter);\r\n                      }\r\n\r\n                      .h-cls-2 {\r\n                        filter: url(#filter-2);\r\n                      }\r\n                    <\/style>\r\n                    <filter id=\"right-h-filterct_heading-461d76b4\" x=\"-0.125\" y=\"-0.094\" width=\"32.406\" height=\"12\" filterUnits=\"userSpaceOnUse\">\r\n                      <feFlood result=\"flood\"\/>\r\n                      <feComposite result=\"composite\" operator=\"in\" in2=\"SourceGraphic\"\/>\r\n                      <feBlend result=\"blend\" in2=\"SourceGraphic\"\/>\r\n                    <\/filter>\r\n                    <filter id=\"right-h-filter-2ct_heading-461d76b4\" x=\"-10\" y=\"14.594\" width=\"29.656\" height=\"6.406\" filterUnits=\"userSpaceOnUse\">\r\n                      <feFlood result=\"flood\"\/>\r\n                      <feComposite result=\"composite\" operator=\"in\" in2=\"SourceGraphic\"\/>\r\n                      <feBlend result=\"blend\" in2=\"SourceGraphic\"\/>\r\n                    <\/filter>\r\n\r\n                    <linearGradient id=\"right-h-grad1ct_heading-461d76b4\" x1=\"0%\" y1=\"0%\" x2=\"100%\" y2=\"0%\">\r\n                      <stop offset=\"0%\" style=\"stop-color:#ed7d31;stop-opacity:1\" \/>\r\n                      <stop offset=\"100%\" style=\"stop-color:#ed7d31;stop-opacity:1\" \/>\r\n                    <\/linearGradient>\r\n\r\n                  <\/defs>\r\n                  <g>\r\n                    <g style=\"fill: none; filter: url(#right-h-filterct_heading-461d76b4)\">\r\n                      <path id=\"right-h-pathct_heading-461d76b4\" class=\"h-cls-1\" d=\"M-0.117,8.9H27.036s5.078-3.073,0-6.517\" style=\"stroke: inherit; filter: none;\"\/>\r\n                    <\/g>\r\n                    <use xlink:href=\"#right-h-pathct_heading-461d76b4\" style=\"stroke: url(#right-h-grad1ct_heading-461d76b4); filter: none; fill: none\"\/>\r\n                    <g style=\"fill: none; filter: url(#right-h-filter-2ct_heading-461d76b4)\">\r\n                      <path id=\"right-h-bgct_heading-461d76b4\" class=\"h-cls-2\" d=\"M-9.991,14.594H17.352s5.114,3.027,0,6.422\" style=\"stroke: inherit; filter: none;\"\/>\r\n                    <\/g>\r\n                    <use xlink:href=\"#right-h-bgct_heading-461d76b4\" style=\"stroke: url(#right-h-grad1ct_heading-461d76b4); filter: none; fill: none\"\/>\r\n                  <\/g>\r\n                <\/svg>\r\n                    <\/div>\r\n\t    <h2 class=\"item--title st-default \" data-wow-delay=\"ms\">\r\n        <span class=\"ct-text-inner\">Choisissez          <cite class=\"ct-text-highlight\">\r\n            les meilleurs        <\/cite>\r\n         services de suivi GPS<\/span>    <\/h2>\r\n<\/div>\r\n\t\t<\/div>\n\t\t\t\t<\/div>\n\t\t\t\t<div class=\"elementor-element elementor-element-6ce4e8d elementor-widget elementor-widget-ct_text_editor\" data-id=\"6ce4e8d\" data-element_type=\"widget\" data-widget_type=\"ct_text_editor.default\">\n\t\t\t\t<div class=\"elementor-widget-container\">\n\t\t\t<div id=\"ct_text_editor-6ce4e8d\" class=\"ct-text-editor \" data-wow-delay=\"ms\">\n\t<div class=\"ct-inline-css\"  data-css=\"\n        \t\t\">\n\n    <\/div>\n\t<div class=\"ct-text-editor elementor-clearfix\">\n\t\t<p><a href=\"http:\/\/www.mauritrack.com\"><strong>MauriTrack <\/strong><\/a>est une soci\u00e9t\u00e9 sp\u00e9cialis\u00e9e dans le domaine de g\u00e9olocalisation et gestion de flotte par une technologie intelligente de suivi des v\u00e9hicules et des flottes ainsi que des solutions compl\u00e8tes pour les entreprises. Les services <a href=\"http:\/\/www.mauritrack.com\"><strong>MauriTrack<\/strong><\/a> aident les entreprises \u00e0 ma\u00eetriser leur activit\u00e9 sur le terrain, \u00e0 r\u00e9duire leurs co\u00fbts d&#8217;exploitation et am\u00e9liorer ainsi leur rentabilit\u00e9.<\/p>\t\t\n\t<\/div>\n<\/div>\t\t<\/div>\n\t\t\t\t<\/div>\n\t\t\t\t<div class=\"elementor-element elementor-element-92457bb elementor-widget elementor-widget-ct_tabs\" data-id=\"92457bb\" data-element_type=\"widget\" data-widget_type=\"ct_tabs.default\">\n\t\t\t\t<div class=\"elementor-widget-container\">\n\t\t\t<div class=\"ct-tabs ct-tabs1  content-type-text_editor\" data-wow-delay=\"ms\">\n    <div class=\"ct-tabs--main\">\n        <div class=\"ct-tabs-title\">\n                            <span class=\"ct-tab-title active\" data-target=\"#ct_tabs-92457bb-e40f566\">\n                                                            Notre mission        \n                <\/span>\n                            <span class=\"ct-tab-title \" data-target=\"#ct_tabs-92457bb-3082b60\">\n                                                            Notre Vision        \n                <\/span>\n                            <span class=\"ct-tab-title \" data-target=\"#ct_tabs-92457bb-7311b88\">\n                                                            Notre objectif        \n                <\/span>\n                    <\/div>\n\n        <div class=\"ct-tabs-content\">\n                            <div class=\"ct-tab-content \" id=\"ct_tabs-92457bb-e40f566\" style=\"display:block;\"><p>Le syst\u00e8me de g\u00e9olocalisation GPS pour voiture permet \u00e0 n\u2019importe quel v\u00e9hicule et engin d\u2019\u00eatre visible sur une position GPS g\u00e9ographique exacte et unique. Ce syst\u00e8me se repose le plus souvent sur la technologie GPS g\u00e9olocalisation qui gr\u00e2ce \u00e0 Mauritrack assure la mise en r\u00e9seau en t\u00e9l\u00e9matique du v\u00e9hicule.<\/p><\/div>\n                            <div class=\"ct-tab-content \" id=\"ct_tabs-92457bb-3082b60\"><p>Nous d\u00e9veloppons et proposons des solutions de gestion de flotte\u00a0 par web (utilisables via internet avec un simple navigateur) destin\u00e9es \u00e0 faciliter et optimiser le travail des directions g\u00e9n\u00e9rales, financi\u00e8res, achats et services g\u00e9n\u00e9raux.<\/p><p>Notre entreprise est forte d\u2019une \u00e9quipe de conseillers et d\u2019ing\u00e9nieurs experts dans le domaine du\u00a0<strong>tracking gps<\/strong>. En effet, nous assurons des missions tr\u00e8s r\u00e9ussies en\u00a0<strong>gestion de flotte<\/strong>.<\/p><\/div>\n                            <div class=\"ct-tab-content \" id=\"ct_tabs-92457bb-7311b88\"><div class=\"elementor-element elementor-element-35553fce elementor-widget elementor-widget-ct_heading\" data-id=\"35553fce\" data-element_type=\"widget\" data-widget_type=\"ct_heading.default\"><div class=\"elementor-widget-container\"><div id=\"ct_heading-35553fce\" class=\"ct-heading h-align- item-st-default highlight-style1\"><h4 class=\"item--title st-default wow fadeInUp\" data-wow-delay=\"ms\"><span class=\"ct-text-inner\">Augmentation La Productivit\u00e9<\/span><\/h4><\/div><\/div><\/div><div class=\"elementor-element elementor-element-334f2b9d elementor-widget elementor-widget-ct_text_editor\" data-id=\"334f2b9d\" data-element_type=\"widget\" data-widget_type=\"ct_text_editor.default\"><div class=\"elementor-widget-container\"><div id=\"ct_text_editor-334f2b9d\" class=\"ct-text-editor wow fadeInUp\" data-wow-delay=\"ms\"><div class=\"ct-text-editor elementor-clearfix\"><p>La g\u00e9olocalisation des v\u00e9hicules de l\u2019entreprise est non seulement l\u00e9gale, mais est aussi compl\u00e8tement pertinente pour la bonne gestion des activit\u00e9s.<\/p><ul><li>Surveiller la qualit\u00e9 de la conduite<\/li><li>Surveiller la consommation de carburant<\/li><li>D\u00e9finir le meilleur itin\u00e9raire pour vos chauffeurs.<\/li><\/ul><p>Avec notre\u00a0<strong>syst\u00e8me de g\u00e9olocalisation<\/strong>, votre entreprise est plus flexible, plus efficace, plus organis\u00e9e \u2013 et vous pourriez m\u00eame faire baisser votre prime d\u2019assurance.<\/p><\/div><\/div><\/div><\/div><\/div>\n                    <\/div>\n    <\/div>\n<\/div>\t\t<\/div>\n\t\t\t\t<\/div>\n\t\t\t\t<div class=\"elementor-element elementor-element-76ac7a3 elementor-widget elementor-widget-ct_button_video\" data-id=\"76ac7a3\" data-element_type=\"widget\" data-widget_type=\"ct_button_video.default\">\n\t\t\t\t<div class=\"elementor-widget-container\">\n\t\t\t<div class=\"ct-button-video1 \" data-wow-delay=\"ms\">\r\n    <div class=\"ct-video-box\">\r\n                    <a class=\"el-btn-video btn\" href=\"http:\/\/cccb\">\r\n                Pour plus de details                <span>\r\n                    <i class=\"fa fa-play\"><\/i>\r\n                <\/span>\r\n            <\/a>\r\n            <\/div>\r\n<\/div>\t\t<\/div>\n\t\t\t\t<\/div>\n\t\t            <\/div>\n        <\/div>\n                <div class=\"elementor-column elementor-col-50 elementor-top-column elementor-element elementor-element-244f4bd ct-column-none col-offset-none\" data-id=\"244f4bd\" data-element_type=\"column\">\n            <div class=\"elementor-widget-wrap elementor-element-populated\">\n                        \t\t<div class=\"elementor-element elementor-element-9977bd5 elementor-widget elementor-widget-ct_banner\" data-id=\"9977bd5\" data-element_type=\"widget\" data-widget_type=\"ct_banner.default\">\n\t\t\t\t<div class=\"elementor-widget-container\">\n\t\t\t\t<div class=\"ct-banner ct-banner1 \" data-wow-delay=\"ms\">\r\n\t\t<div class=\"ct-banner-inner\">\r\n\t\t\t<div class=\"ct-banner-image\">\r\n\t\t\t\t<img fetchpriority=\"high\" decoding=\"async\" class=\"\" src=\"https:\/\/mauritrack.com\/ar\/wp-content\/uploads\/2024\/01\/logoAVECTEXT-1.png\" width=\"778\" height=\"278\" alt=\"Services de suivi de v\u00e9hicules\" title=\"logoAVECTEXT\" \/>\t\t\t\t\t\t\t<\/div>\r\n\t\t\t<div class=\"ct-banner-holder\">\r\n\t\t\t\t\t\t\t\t\t<div class=\"item--icon el-empty\">\r\n\t\t\t\t\t\t<i aria-hidden=\"true\" class=\"flaticon flaticon-best-seller\"><\/i>\t\t\t\t\t<\/div>\r\n\t\t\t\t\t\t\t\t<div class=\"ct-banner-meta\">\r\n\t\t\t\t\t<h5 class=\"item--title el-empty\">Leader de la g\u00e9olocalisation de voiture en Mauritanie<\/h5>\r\n\t\t\t\t\t<div class=\"item--desc el-empty\">MauriTrack est une entreprise sp\u00e9cialis\u00e9e dans la vente des solutions de suivi gps et de g\u00e9olocalisation de v\u00e9hicules. Son exp\u00e9rience dans le domaine de la gestion de la flotte la dispose \u00e0 exceller dans son m\u00e9tier et \u00e0 fournir des solutions cl\u00e9s en main \u00e0 ses clients.<\/div>\r\n\t\t\t\t<\/div>\r\n\t\t\t<\/div>\r\n\r\n\t\t<\/div>\r\n\t<\/div>\r\n\t\t<\/div>\n\t\t\t\t<\/div>\n\t\t            <\/div>\n        <\/div>\n                            <\/div>\n        <\/section>\n        \t\t\t\t\t<\/div>\n\t\t","protected":false},"excerpt":{"rendered":"<p>\u00c0 propos Choisissez les meilleurs services de suivi GPS MauriTrack est une soci\u00e9t\u00e9 sp\u00e9cialis\u00e9e dans le domaine de g\u00e9olocalisation et gestion de flotte par une technologie intelligente de suivi des v\u00e9hicules et des flottes ainsi que des solutions compl\u00e8tes pour les entreprises. Les services MauriTrack aident les entreprises \u00e0 ma\u00eetriser leur activit\u00e9 sur le terrain, [&hellip;]<\/p>\n","protected":false},"author":1,"featured_media":6762,"parent":0,"menu_order":0,"comment_status":"closed","ping_status":"closed","template":"","meta":{"footnotes":""},"yoast_head":"<!-- This site is optimized with the Yoast SEO plugin v22.6 - https:\/\/yoast.com\/wordpress\/plugins\/seo\/ -->\n<title>\u00c0 propos | \u0645\u0648\u0631\u064a \u062a\u0631\u0627\u0643<\/title>\n<meta name=\"description\" content=\"\u00c0 propos - MauriTrack est une soci\u00e9t\u00e9 sp\u00e9cialis\u00e9e dans le domaine de g\u00e9olocalisation et gestion de flotte \u00e0 distance par GPS.\" \/>\n<meta name=\"robots\" content=\"index, follow, max-snippet:-1, max-image-preview:large, max-video-preview:-1\" \/>\n<link rel=\"canonical\" href=\"https:\/\/mauritrack.com\/ar\/a-propos\" \/>\n<meta property=\"og:locale\" content=\"en_US\" \/>\n<meta property=\"og:type\" content=\"article\" \/>\n<meta property=\"og:title\" content=\"\u00c0 propos | \u0645\u0648\u0631\u064a \u062a\u0631\u0627\u0643\" \/>\n<meta property=\"og:description\" content=\"\u00c0 propos - MauriTrack est une soci\u00e9t\u00e9 sp\u00e9cialis\u00e9e dans le domaine de g\u00e9olocalisation et gestion de flotte \u00e0 distance par GPS.\" \/>\n<meta property=\"og:url\" content=\"https:\/\/mauritrack.com\/ar\/a-propos\" \/>\n<meta property=\"og:site_name\" content=\"\u0645\u0648\u0631\u064a \u062a\u0631\u0627\u0643\" \/>\n<meta property=\"article:publisher\" content=\"https:\/\/www.facebook.com\/mauritrack\/\" \/>\n<meta property=\"article:modified_time\" content=\"2024-01-14T23:30:03+00:00\" \/>\n<meta property=\"og:image\" content=\"https:\/\/mauritrack.com\/ar\/wp-content\/uploads\/2024\/01\/logoAVECTEXT-1.png\" \/>\n\t<meta property=\"og:image:width\" content=\"778\" \/>\n\t<meta property=\"og:image:height\" content=\"278\" \/>\n\t<meta property=\"og:image:type\" content=\"image\/png\" \/>\n<meta name=\"twitter:card\" content=\"summary_large_image\" \/>\n<meta name=\"twitter:label1\" content=\"Est. reading time\" \/>\n\t<meta name=\"twitter:data1\" content=\"2 minutes\" \/>\n<script type=\"application\/ld+json\" class=\"yoast-schema-graph\">{\"@context\":\"https:\/\/schema.org\",\"@graph\":[{\"@type\":\"WebPage\",\"@id\":\"https:\/\/mauritrack.com\/ar\/a-propos\",\"url\":\"https:\/\/mauritrack.com\/ar\/a-propos\",\"name\":\"\u00c0 propos | \u0645\u0648\u0631\u064a \u062a\u0631\u0627\u0643\",\"isPartOf\":{\"@id\":\"https:\/\/mauritrack.com\/ar\/#website\"},\"primaryImageOfPage\":{\"@id\":\"https:\/\/mauritrack.com\/ar\/a-propos#primaryimage\"},\"image\":{\"@id\":\"https:\/\/mauritrack.com\/ar\/a-propos#primaryimage\"},\"thumbnailUrl\":\"https:\/\/mauritrack.com\/ar\/wp-content\/uploads\/2024\/01\/logoAVECTEXT-1.png\",\"datePublished\":\"2021-09-23T03:28:10+00:00\",\"dateModified\":\"2024-01-14T23:30:03+00:00\",\"description\":\"\u00c0 propos - MauriTrack est une soci\u00e9t\u00e9 sp\u00e9cialis\u00e9e dans le domaine de g\u00e9olocalisation et gestion de flotte \u00e0 distance par GPS.\",\"breadcrumb\":{\"@id\":\"https:\/\/mauritrack.com\/ar\/a-propos#breadcrumb\"},\"inLanguage\":\"en-US\",\"potentialAction\":[{\"@type\":\"ReadAction\",\"target\":[\"https:\/\/mauritrack.com\/ar\/a-propos\"]}]},{\"@type\":\"ImageObject\",\"inLanguage\":\"en-US\",\"@id\":\"https:\/\/mauritrack.com\/ar\/a-propos#primaryimage\",\"url\":\"https:\/\/mauritrack.com\/ar\/wp-content\/uploads\/2024\/01\/logoAVECTEXT-1.png\",\"contentUrl\":\"https:\/\/mauritrack.com\/ar\/wp-content\/uploads\/2024\/01\/logoAVECTEXT-1.png\",\"width\":778,\"height\":278,\"caption\":\"Services de suivi de v\u00e9hicules\"},{\"@type\":\"BreadcrumbList\",\"@id\":\"https:\/\/mauritrack.com\/ar\/a-propos#breadcrumb\",\"itemListElement\":[{\"@type\":\"ListItem\",\"position\":1,\"name\":\"Home\",\"item\":\"https:\/\/mauritrack.com\/ar\/\"},{\"@type\":\"ListItem\",\"position\":2,\"name\":\"\u00c0 propos\"}]},{\"@type\":\"WebSite\",\"@id\":\"https:\/\/mauritrack.com\/ar\/#website\",\"url\":\"https:\/\/mauritrack.com\/ar\/\",\"name\":\"MauriTrack\",\"description\":\"\",\"publisher\":{\"@id\":\"https:\/\/mauritrack.com\/ar\/#organization\"},\"alternateName\":\"Solution de g\u00e9olocalisation des v\u00e9hicules et des biens\",\"potentialAction\":[{\"@type\":\"SearchAction\",\"target\":{\"@type\":\"EntryPoint\",\"urlTemplate\":\"https:\/\/mauritrack.com\/ar\/?s={search_term_string}\"},\"query-input\":\"required name=search_term_string\"}],\"inLanguage\":\"en-US\"},{\"@type\":\"Organization\",\"@id\":\"https:\/\/mauritrack.com\/ar\/#organization\",\"name\":\"MauriTrack\",\"url\":\"https:\/\/mauritrack.com\/ar\/\",\"logo\":{\"@type\":\"ImageObject\",\"inLanguage\":\"en-US\",\"@id\":\"https:\/\/mauritrack.com\/ar\/#\/schema\/logo\/image\/\",\"url\":\"https:\/\/mauritrack.com\/wp-content\/uploads\/2023\/11\/icon-copy.png\",\"contentUrl\":\"https:\/\/mauritrack.com\/wp-content\/uploads\/2023\/11\/icon-copy.png\",\"width\":277,\"height\":332,\"caption\":\"MauriTrack\"},\"image\":{\"@id\":\"https:\/\/mauritrack.com\/ar\/#\/schema\/logo\/image\/\"},\"sameAs\":[\"https:\/\/www.facebook.com\/mauritrack\/\",\"https:\/\/www.linkedin.com\/company\/mauritrack\/\",\"https:\/\/www.tiktok.com\/@MauriTrack1\",\"https:\/\/www.youtube.com\/@Mauritrack\"]}]}<\/script>\n<!-- \/ Yoast SEO plugin. -->","yoast_head_json":{"title":"\u00c0 propos | \u0645\u0648\u0631\u064a \u062a\u0631\u0627\u0643","description":"\u00c0 propos - MauriTrack est une soci\u00e9t\u00e9 sp\u00e9cialis\u00e9e dans le domaine de g\u00e9olocalisation et gestion de flotte \u00e0 distance par GPS.","robots":{"index":"index","follow":"follow","max-snippet":"max-snippet:-1","max-image-preview":"max-image-preview:large","max-video-preview":"max-video-preview:-1"},"canonical":"https:\/\/mauritrack.com\/ar\/a-propos","og_locale":"en_US","og_type":"article","og_title":"\u00c0 propos | \u0645\u0648\u0631\u064a \u062a\u0631\u0627\u0643","og_description":"\u00c0 propos - MauriTrack est une soci\u00e9t\u00e9 sp\u00e9cialis\u00e9e dans le domaine de g\u00e9olocalisation et gestion de flotte \u00e0 distance par GPS.","og_url":"https:\/\/mauritrack.com\/ar\/a-propos","og_site_name":"\u0645\u0648\u0631\u064a \u062a\u0631\u0627\u0643","article_publisher":"https:\/\/www.facebook.com\/mauritrack\/","article_modified_time":"2024-01-14T23:30:03+00:00","og_image":[{"width":778,"height":278,"url":"https:\/\/mauritrack.com\/ar\/wp-content\/uploads\/2024\/01\/logoAVECTEXT-1.png","type":"image\/png"}],"twitter_card":"summary_large_image","twitter_misc":{"Est. reading time":"2 minutes"},"schema":{"@context":"https:\/\/schema.org","@graph":[{"@type":"WebPage","@id":"https:\/\/mauritrack.com\/ar\/a-propos","url":"https:\/\/mauritrack.com\/ar\/a-propos","name":"\u00c0 propos | \u0645\u0648\u0631\u064a \u062a\u0631\u0627\u0643","isPartOf":{"@id":"https:\/\/mauritrack.com\/ar\/#website"},"primaryImageOfPage":{"@id":"https:\/\/mauritrack.com\/ar\/a-propos#primaryimage"},"image":{"@id":"https:\/\/mauritrack.com\/ar\/a-propos#primaryimage"},"thumbnailUrl":"https:\/\/mauritrack.com\/ar\/wp-content\/uploads\/2024\/01\/logoAVECTEXT-1.png","datePublished":"2021-09-23T03:28:10+00:00","dateModified":"2024-01-14T23:30:03+00:00","description":"\u00c0 propos - MauriTrack est une soci\u00e9t\u00e9 sp\u00e9cialis\u00e9e dans le domaine de g\u00e9olocalisation et gestion de flotte \u00e0 distance par GPS.","breadcrumb":{"@id":"https:\/\/mauritrack.com\/ar\/a-propos#breadcrumb"},"inLanguage":"en-US","potentialAction":[{"@type":"ReadAction","target":["https:\/\/mauritrack.com\/ar\/a-propos"]}]},{"@type":"ImageObject","inLanguage":"en-US","@id":"https:\/\/mauritrack.com\/ar\/a-propos#primaryimage","url":"https:\/\/mauritrack.com\/ar\/wp-content\/uploads\/2024\/01\/logoAVECTEXT-1.png","contentUrl":"https:\/\/mauritrack.com\/ar\/wp-content\/uploads\/2024\/01\/logoAVECTEXT-1.png","width":778,"height":278,"caption":"Services de suivi de v\u00e9hicules"},{"@type":"BreadcrumbList","@id":"https:\/\/mauritrack.com\/ar\/a-propos#breadcrumb","itemListElement":[{"@type":"ListItem","position":1,"name":"Home","item":"https:\/\/mauritrack.com\/ar\/"},{"@type":"ListItem","position":2,"name":"\u00c0 propos"}]},{"@type":"WebSite","@id":"https:\/\/mauritrack.com\/ar\/#website","url":"https:\/\/mauritrack.com\/ar\/","name":"MauriTrack","description":"","publisher":{"@id":"https:\/\/mauritrack.com\/ar\/#organization"},"alternateName":"Solution de g\u00e9olocalisation des v\u00e9hicules et des biens","potentialAction":[{"@type":"SearchAction","target":{"@type":"EntryPoint","urlTemplate":"https:\/\/mauritrack.com\/ar\/?s={search_term_string}"},"query-input":"required name=search_term_string"}],"inLanguage":"en-US"},{"@type":"Organization","@id":"https:\/\/mauritrack.com\/ar\/#organization","name":"MauriTrack","url":"https:\/\/mauritrack.com\/ar\/","logo":{"@type":"ImageObject","inLanguage":"en-US","@id":"https:\/\/mauritrack.com\/ar\/#\/schema\/logo\/image\/","url":"https:\/\/mauritrack.com\/wp-content\/uploads\/2023\/11\/icon-copy.png","contentUrl":"https:\/\/mauritrack.com\/wp-content\/uploads\/2023\/11\/icon-copy.png","width":277,"height":332,"caption":"MauriTrack"},"image":{"@id":"https:\/\/mauritrack.com\/ar\/#\/schema\/logo\/image\/"},"sameAs":["https:\/\/www.facebook.com\/mauritrack\/","https:\/\/www.linkedin.com\/company\/mauritrack\/","https:\/\/www.tiktok.com\/@MauriTrack1","https:\/\/www.youtube.com\/@Mauritrack"]}]}},"_links":{"self":[{"href":"https:\/\/mauritrack.com\/ar\/wp-json\/wp\/v2\/pages\/33"}],"collection":[{"href":"https:\/\/mauritrack.com\/ar\/wp-json\/wp\/v2\/pages"}],"about":[{"href":"https:\/\/mauritrack.com\/ar\/wp-json\/wp\/v2\/types\/page"}],"author":[{"embeddable":true,"href":"https:\/\/mauritrack.com\/ar\/wp-json\/wp\/v2\/users\/1"}],"replies":[{"embeddable":true,"href":"https:\/\/mauritrack.com\/ar\/wp-json\/wp\/v2\/comments?post=33"}],"version-history":[{"count":36,"href":"https:\/\/mauritrack.com\/ar\/wp-json\/wp\/v2\/pages\/33\/revisions"}],"predecessor-version":[{"id":7590,"href":"https:\/\/mauritrack.com\/ar\/wp-json\/wp\/v2\/pages\/33\/revisions\/7590"}],"wp:featuredmedia":[{"embeddable":true,"href":"https:\/\/mauritrack.com\/ar\/wp-json\/wp\/v2\/media\/6762"}],"wp:attachment":[{"href":"https:\/\/mauritrack.com\/ar\/wp-json\/wp\/v2\/media?parent=33"}],"curies":[{"name":"wp","href":"https:\/\/api.w.org\/{rel}","templated":true}]}}